{"id":81,"date":"2022-03-09T19:08:01","date_gmt":"2022-03-09T22:08:01","guid":{"rendered":"https:\/\/vssa.adv.br\/site\/?page_id=81"},"modified":"2023-01-12T12:40:35","modified_gmt":"2023-01-12T15:40:35","slug":"atuacao","status":"publish","type":"page","link":"https:\/\/vssa.adv.br\/site\/atuacao\/","title":{"rendered":"Atua\u00e7\u00e3o"},"content":{"rendered":"<p>[et_pb_section fb_built=&#8221;1&#8243; admin_label=&#8221;Page Title Section&#8221; _builder_version=&#8221;4.15.0&#8243; use_background_color_gradient=&#8221;on&#8221; background_color_gradient_start=&#8221;rgba(16,34,70,0.88)&#8221; background_color_gradient_end=&#8221;rgba(16,34,70,0.73)&#8221; background_color_gradient_overlays_image=&#8221;on&#8221; background_image=&#8221;https:\/\/vssa.adv.br\/site\/wp-content\/uploads\/2022\/03\/divi-reload-landing-page-background-9.jpg&#8221; custom_padding=&#8221;30px||30px||true|false&#8221; hover_enabled=&#8221;0&#8243; global_colors_info=&#8221;{}&#8221; background_color_gradient_stops=&#8221;rgba(16,34,70,0.88) 0%|rgba(16,34,70,0.73) 100%&#8221; background_color=&#8221;rgba(16,34,70,0.76)&#8221; sticky_enabled=&#8221;0&#8243;][et_pb_row admin_label=&#8221;Page Title Area&#8221; _builder_version=&#8221;4.16&#8243; background_size=&#8221;initial&#8221; background_position=&#8221;top_left&#8221; background_repeat=&#8221;repeat&#8221; global_colors_info=&#8221;{}&#8221; background_color_gradient_stops=&#8221;#2b87da 0%|#29c4a9 100%&#8221;][et_pb_column type=&#8221;4_4&#8243; _builder_version=&#8221;4.16&#8243; custom_padding=&#8221;|||&#8221; global_colors_info=&#8221;{}&#8221; custom_padding__hover=&#8221;|||&#8221; background_color_gradient_stops=&#8221;#2b87da 0%|#29c4a9 100%&#8221;][et_pb_text admin_label=&#8221;Page Title&#8221; _builder_version=&#8221;4.16&#8243; text_font=&#8221;||||||||&#8221; text_font_size=&#8221;18px&#8221; text_line_height=&#8221;2em&#8221; header_font=&#8221;|||on|||||&#8221; header_text_align=&#8221;left&#8221; header_font_size=&#8221;44px&#8221; header_line_height=&#8221;1.6em&#8221; header_2_font=&#8221;||||||||&#8221; text_orientation=&#8221;center&#8221; background_layout=&#8221;dark&#8221; module_alignment=&#8221;center&#8221; custom_margin=&#8221;|||&#8221; custom_padding=&#8221;|||20px|false|false&#8221; animation_style=&#8221;fade&#8221; header_font_size_tablet=&#8221;40px&#8221; header_font_size_phone=&#8221;&#8221; header_font_size_last_edited=&#8221;on|tablet&#8221; border_width_left=&#8221;3px&#8221; border_color_left=&#8221;#E8E6E5&#8243; global_colors_info=&#8221;{}&#8221; background_color_gradient_stops=&#8221;#2b87da 0%|#29c4a9 100%&#8221;]<\/p>\n<h1>\u00c1reas de Atua\u00e7\u00e3o<\/h1>\n<p>[\/et_pb_text][\/et_pb_column][\/et_pb_row][\/et_pb_section][et_pb_section fb_built=&#8221;1&#8243; admin_label=&#8221;Project Section 01&#8243; _builder_version=&#8221;4.16&#8243; background_color=&#8221;#BABAB9&#8243; custom_padding=&#8221;|||&#8221; top_divider_style=&#8221;arrow3&#8243; top_divider_color=&#8221;#102246&#8243; top_divider_height=&#8221;35px&#8221; border_color_all=&#8221;#3b4147&#8243; border_color_left=&#8221;#008DAC&#8221; global_colors_info=&#8221;{}&#8221; background_color_gradient_stops=&#8221;#2b87da 0%|#29c4a9 100%&#8221;][et_pb_row admin_label=&#8221;Project Area 01&#8243; module_class=&#8221; et_pb_row_fullwidth&#8221; _builder_version=&#8221;4.16&#8243; width_tablet=&#8221;80%&#8221; width_phone=&#8221;95%&#8221; width_last_edited=&#8221;on|desktop&#8221; max_width_tablet=&#8221;80%&#8221; max_width_phone=&#8221;95%&#8221; max_width_last_edited=&#8221;on|desktop&#8221; make_fullwidth=&#8221;on&#8221; global_colors_info=&#8221;{}&#8221; background_color_gradient_stops=&#8221;#2b87da 0%|#29c4a9 100%&#8221;][et_pb_column type=&#8221;4_4&#8243; _builder_version=&#8221;4.16&#8243; custom_padding=&#8221;|||&#8221; global_colors_info=&#8221;{}&#8221; custom_padding__hover=&#8221;|||&#8221; background_color_gradient_stops=&#8221;#2b87da 0%|#29c4a9 100%&#8221;][et_pb_accordion open_toggle_text_color=&#8221;#214181&#8243; open_toggle_background_color=&#8221;#E8E6E5&#8243; closed_toggle_background_color=&#8221;#4A5567&#8243; toggle_icon=&#8221;&#x3b;||divi||400&#8243; icon_color=&#8221;#BABAB9&#8243; use_icon_font_size=&#8221;on&#8221; icon_font_size=&#8221;24px&#8221; _builder_version=&#8221;4.16&#8243; _module_preset=&#8221;default&#8221; toggle_text_color=&#8221;#E8E6E5&#8243; toggle_font_size=&#8221;22px&#8221; closed_toggle_font_size=&#8221;18px&#8221; background_enable_color=&#8221;off&#8221; custom_margin=&#8221;0px||0px||false|false&#8221; global_colors_info=&#8221;{}&#8221; background_color_gradient_stops=&#8221;#2b87da 0%|#29c4a9 100%&#8221;][et_pb_accordion_item title=&#8221;DIREITO EMPRESARIAL&#8221; open=&#8221;on&#8221; _builder_version=&#8221;4.16&#8243; _module_preset=&#8221;default&#8221; body_text_color=&#8221;#4A5567&#8243; body_ul_font_size_tablet=&#8221;&#8221; body_ul_font_size_phone=&#8221;13px&#8221; body_ul_font_size_last_edited=&#8221;on|phone&#8221; body_ul_letter_spacing_tablet=&#8221;&#8221; body_ul_letter_spacing_phone=&#8221;&#8221; body_ul_letter_spacing_last_edited=&#8221;on|phone&#8221; body_ul_line_height_tablet=&#8221;&#8221; body_ul_line_height_phone=&#8221;1.3em&#8221; body_ul_line_height_last_edited=&#8221;on|phone&#8221; global_colors_info=&#8221;{}&#8221; toggle_font=&#8221;||||||||&#8221; toggle_letter_spacing=&#8221;0px&#8221; background_color_gradient_stops=&#8221;#2b87da 0%|#29c4a9 100%&#8221;]<\/p>\n<div class=\"et_pb_module et_pb_text et_pb_text_2 et_pb_text_align_left et_pb_bg_layout_light et_had_animation\">\n<div class=\"et_pb_text_inner\">\n<p>Consultoria para estrutura\u00e7\u00e3o ou reestrutura\u00e7\u00e3o societ\u00e1ria, conforme necessidade espec\u00edfica do cliente, bem como nos casos de constitui\u00e7\u00e3o, aquisi\u00e7\u00e3o, fus\u00e3o, incorpora\u00e7\u00e3o, cis\u00e3o, transforma\u00e7\u00e3o e extin\u00e7\u00e3o de sociedades. Orienta\u00e7\u00e3o e elabora\u00e7\u00e3o de documentos relativos a sociedades de qualquer esp\u00e9cie.<\/p>\n<p>Reestrutura\u00e7\u00e3o de empresas em dificuldade ou situa\u00e7\u00e3o de crise financeira, inclusive de recupera\u00e7\u00e3o judicial, extrajudicial ou fal\u00eancia, envolvendo negocia\u00e7\u00e3o de cr\u00e9ditos e medidas judiciais cab\u00edveis.<\/p>\n<p>Consultoria para sucess\u00e3o empresarial.<\/p>\n<p>An\u00e1lise, preparo e revis\u00e3o de contratos diversos, dentre outros.<\/p>\n<\/div>\n<\/div>\n<p>[\/et_pb_accordion_item][et_pb_accordion_item title=&#8221;DIREITO ADMINISTRATIVO&#8221; _builder_version=&#8221;4.16&#8243; _module_preset=&#8221;default&#8221; body_text_color=&#8221;#4A5567&#8243; global_colors_info=&#8221;{}&#8221; toggle_font=&#8221;||||||||&#8221; toggle_letter_spacing=&#8221;0px&#8221; background_color_gradient_stops=&#8221;#2b87da 0%|#29c4a9 100%&#8221; open=&#8221;off&#8221;]<\/p>\n<div class=\"et_pb_module et_pb_text et_pb_text_2 et_pb_text_align_left et_pb_bg_layout_light et_had_animation\">\n<div class=\"et_pb_text_inner\">\n<p>Consultoria e atua\u00e7\u00e3o nas esferas do contencioso judicial e extrajudicial no \u00e2mbito do Direito Administrativo.<\/p>\n<ul>\n<li>Exame de editais de licita\u00e7\u00f5es e minutas de contratos administrativos;<\/li>\n<li>Aux\u00edlio na prepara\u00e7\u00e3o dos documentos de habilita\u00e7\u00e3o em licita\u00e7\u00f5es;<\/li>\n<li>Apresenta\u00e7\u00e3o de recursos administrativos e medidas judiciais em licita\u00e7\u00f5es;<\/li>\n<li>Assessoria em procedimentos de dispensa ou inexigibilidade de licita\u00e7\u00e3o;<\/li>\n<li>Prepara\u00e7\u00e3o de pleitos de reequil\u00edbrio econ\u00f4mico-financeiro em contratos administrativos;<\/li>\n<li>Defesa contra a aplica\u00e7\u00e3o de penalidades contratuais ou administrativas;<\/li>\n<li>Atua\u00e7\u00e3o em a\u00e7\u00f5es civis de improbidade administrativa;<\/li>\n<li>A\u00e7\u00f5es de desapropria\u00e7\u00e3o, dentre outros.<\/li>\n<\/ul>\n<\/div>\n<\/div>\n<p>[\/et_pb_accordion_item][et_pb_accordion_item title=&#8221;DIREITO DO TRABALHO E DIREITO SINDICAL&#8221; closed_toggle_text_color=&#8221;#E8E6E5&#8243; toggle_icon=&#8221;&#x3b;||divi||400&#8243; _builder_version=&#8221;4.16&#8243; _module_preset=&#8221;default&#8221; global_colors_info=&#8221;{}&#8221; background_color_gradient_stops=&#8221;#2b87da 0%|#29c4a9 100%&#8221; open=&#8221;off&#8221;]<\/p>\n<div class=\"et_pb_module et_pb_text et_pb_text_6 et_pb_text_align_left et_pb_bg_layout_light et_had_animation\">\n<div class=\"et_pb_text_inner\">\n<p>Consultoria e auditoria nas \u00e1reas de Direito do Trabalho e Sindical, representa\u00e7\u00e3o perante a Justi\u00e7a do Trabalho, Minist\u00e9rio do Trabalho e Emprego, Delegacias Regionais do Trabalho, Instituto de Previd\u00eancia Social, Receita Federal e Sindicatos de Classe.<\/p>\n<ul>\n<li>Elabora\u00e7\u00e3o de Pareceres;<\/li>\n<li>Elabora\u00e7\u00e3o e revis\u00e3o de contratos de trabalho;<\/li>\n<li>Elabora\u00e7\u00e3o e revis\u00e3o de documentos diversos;<\/li>\n<li>Assist\u00eancia e an\u00e1lise de Conven\u00e7\u00f5es e Acordos Coletivos de Trabalho;<\/li>\n<li>Ajuizamento e defesa de a\u00e7\u00f5es trabalhistas e sindicais nas esferas do contencioso administrativo e judicial.<\/li>\n<\/ul>\n<\/div>\n<\/div>\n<p>[\/et_pb_accordion_item][et_pb_accordion_item title=&#8221;GEST\u00c3O FINANCEIRA DOS PROCESSOS TRABALHISTAS&#8221; closed_toggle_text_color=&#8221;#E8E6E5&#8243; toggle_icon=&#8221;&#x3b;||divi||400&#8243; _builder_version=&#8221;4.16&#8243; _module_preset=&#8221;default&#8221; global_colors_info=&#8221;{}&#8221; background_color_gradient_stops=&#8221;#2b87da 0%|#29c4a9 100%&#8221; open=&#8221;off&#8221;]<\/p>\n<div class=\"et_pb_module et_pb_text et_pb_text_8 et_pb_text_align_left et_pb_bg_layout_light et_had_animation\">\n<div class=\"et_pb_text_inner\">\n<p>A fim de atender as necessidades de gerenciamento de risco e fluxo de caixa de nossos clientes, elaboramos relat\u00f3rios de processos que abrangem:<\/p>\n<ul>\n<li>Risco contingente, com avalia\u00e7\u00e3o de riscos poss\u00edveis, prov\u00e1veis e remotos;<\/li>\n<li>Andamento processual atualizado;<\/li>\n<li>Relev\u00e2ncia de cada a\u00e7\u00e3o;<\/li>\n<li>Individualiza\u00e7\u00e3o dos valores por pedido ou por processo;<\/li>\n<li>Atualiza\u00e7\u00e3o peri\u00f3dica do passivo trabalhista.<\/li>\n<\/ul>\n<\/div>\n<\/div>\n<p>[\/et_pb_accordion_item][et_pb_accordion_item title=&#8221;DIREITO TRIBUT\u00c1RIO&#8221; closed_toggle_text_color=&#8221;#E8E6E5&#8243; toggle_icon=&#8221;&#x3b;||divi||400&#8243; _builder_version=&#8221;4.16&#8243; _module_preset=&#8221;default&#8221; global_colors_info=&#8221;{}&#8221; background_color_gradient_stops=&#8221;#2b87da 0%|#29c4a9 100%&#8221; open=&#8221;off&#8221;]<\/p>\n<div class=\"et_pb_module et_pb_text et_pb_text_10 et_pb_text_align_left et_pb_bg_layout_light et_had_animation\">\n<div class=\"et_pb_text_inner\">\n<p>Consultoria tribut\u00e1ria preventiva e atua\u00e7\u00e3o nas esferas do contencioso administrativo e judicial, no \u00e2mbito dos tributos federais, estaduais e municipais.<\/p>\n<ul>\n<li>Assist\u00eancia preventiva;<\/li>\n<li>Planejamento tribut\u00e1rio;<\/li>\n<li>Defesas em procedimentos administrativos e processos judiciais;<\/li>\n<li>Recupera\u00e7\u00e3o de cr\u00e9ditos fiscais;<\/li>\n<li>Questionamento quanto \u00e0 legalidade da cobran\u00e7a de impostos, taxas e contribui\u00e7\u00f5es diversas;<\/li>\n<li>Estudos e pareceres.<\/li>\n<\/ul>\n<\/div>\n<\/div>\n<p>[\/et_pb_accordion_item][et_pb_accordion_item title=&#8221;DIREITO CIVIL&#8221; closed_toggle_text_color=&#8221;#E8E6E5&#8243; toggle_icon=&#8221;&#x3b;||divi||400&#8243; _builder_version=&#8221;4.16&#8243; _module_preset=&#8221;default&#8221; global_colors_info=&#8221;{}&#8221; background_color_gradient_stops=&#8221;#2b87da 0%|#29c4a9 100%&#8221; open=&#8221;off&#8221;]<\/p>\n<div class=\"et_pb_module et_pb_text et_pb_text_10 et_pb_text_align_left et_pb_bg_layout_light et_had_animation\">\n<div class=\"et_pb_text_inner\">\n<div class=\"et_pb_module et_pb_text et_pb_text_12 et_pb_text_align_left et_pb_bg_layout_light et_had_animation\">\n<div class=\"et_pb_text_inner\">\n<p>Atua\u00e7\u00e3o em todas as \u00e1reas de direito civil, mediante consultoria, preparo e acompanhamento de medidas judiciais e extrajudiciais.<\/p>\n<\/div>\n<\/div>\n<\/div>\n<\/div>\n<p>[\/et_pb_accordion_item][et_pb_accordion_item title=&#8221;DIREITO IMOBILI\u00c1RIO&#8221; closed_toggle_text_color=&#8221;#E8E6E5&#8243; toggle_icon=&#8221;&#x3b;||divi||400&#8243; _builder_version=&#8221;4.16&#8243; _module_preset=&#8221;default&#8221; global_colors_info=&#8221;{}&#8221; background_color_gradient_stops=&#8221;#2b87da 0%|#29c4a9 100%&#8221; open=&#8221;off&#8221;]<\/p>\n<div class=\"et_pb_module et_pb_text et_pb_text_10 et_pb_text_align_left et_pb_bg_layout_light et_had_animation\">\n<div class=\"et_pb_text_inner\">\n<div class=\"et_pb_module et_pb_text et_pb_text_12 et_pb_text_align_left et_pb_bg_layout_light et_had_animation\">\n<div class=\"et_pb_text_inner\">\n<div class=\"et_pb_module et_pb_text et_pb_text_14 et_pb_text_align_left et_pb_bg_layout_light et_had_animation\">\n<div class=\"et_pb_text_inner\">\n<p>Acompanhamento de transa\u00e7\u00f5es imobili\u00e1rias e procedimentos legais correlatos.<\/p>\n<\/div>\n<\/div>\n<\/div>\n<\/div>\n<\/div>\n<\/div>\n<p>[\/et_pb_accordion_item][et_pb_accordion_item title=&#8221;OUTRAS \u00c1REAS&#8221; closed_toggle_text_color=&#8221;#E8E6E5&#8243; toggle_icon=&#8221;&#x3b;||divi||400&#8243; _builder_version=&#8221;4.16&#8243; _module_preset=&#8221;default&#8221; global_colors_info=&#8221;{}&#8221; background_color_gradient_stops=&#8221;#2b87da 0%|#29c4a9 100%&#8221; open=&#8221;off&#8221;]<\/p>\n<div class=\"et_pb_module et_pb_text et_pb_text_10 et_pb_text_align_left et_pb_bg_layout_light et_had_animation\">\n<div class=\"et_pb_text_inner\">\n<div class=\"et_pb_module et_pb_text et_pb_text_12 et_pb_text_align_left et_pb_bg_layout_light et_had_animation\">\n<div class=\"et_pb_text_inner\">\n<div class=\"et_pb_module et_pb_text et_pb_text_14 et_pb_text_align_left et_pb_bg_layout_light et_had_animation\">\n<div class=\"et_pb_text_inner\">\n<div class=\"et_pb_module et_pb_text et_pb_text_16 et_pb_text_align_left et_pb_bg_layout_light et_had_animation\">\n<div class=\"et_pb_text_inner\">\n<ul>\n<li>Cobran\u00e7a e recupera\u00e7\u00e3o de cr\u00e9ditos;<\/li>\n<li>Internacional \u2013 contratos de importa\u00e7\u00e3o e exporta\u00e7\u00e3o.<\/li>\n<li>Direito de Fam\u00edlia e Sucess\u00f5es \u2013 assessoria e procedimentos judiciais e extrajudiciais no \u00e2mbito do direito de fam\u00edlia e sucess\u00f5es, incluindo, mas n\u00e3o se limitando \u00e0: testamentos e planejamentos sucess\u00f3rios; invent\u00e1rios; arrolamentos de bens; pactos antenupciais; declara\u00e7\u00f5es de ITCD.<\/li>\n<\/ul>\n<\/div>\n<\/div>\n<\/div>\n<\/div>\n<\/div>\n<\/div>\n<\/div>\n<\/div>\n<p>[\/et_pb_accordion_item][\/et_pb_accordion][\/et_pb_column][\/et_pb_row][\/et_pb_section]<\/p>\n","protected":false},"excerpt":{"rendered":"<p>\u00c1reas de Atua\u00e7\u00e3o Consultoria para estrutura\u00e7\u00e3o ou reestrutura\u00e7\u00e3o societ\u00e1ria, conforme necessidade espec\u00edfica do cliente, bem como nos casos de constitui\u00e7\u00e3o, aquisi\u00e7\u00e3o, fus\u00e3o, incorpora\u00e7\u00e3o, cis\u00e3o, transforma\u00e7\u00e3o e extin\u00e7\u00e3o de sociedades. Orienta\u00e7\u00e3o e elabora\u00e7\u00e3o de documentos relativos a sociedades de qualquer esp\u00e9cie. Reestrutura\u00e7\u00e3o de empresas em dificuldade ou situa\u00e7\u00e3o de crise financeira, inclusive de recupera\u00e7\u00e3o judicial, extrajudicial [&hellip;]<\/p>\n","protected":false},"author":1,"featured_media":0,"parent":0,"menu_order":0,"comment_status":"closed","ping_status":"closed","template":"","meta":{"_et_pb_use_builder":"on","_et_pb_old_content":"","_et_gb_content_width":""},"_links":{"self":[{"href":"https:\/\/vssa.adv.br\/site\/wp-json\/wp\/v2\/pages\/81"}],"collection":[{"href":"https:\/\/vssa.adv.br\/site\/wp-json\/wp\/v2\/pages"}],"about":[{"href":"https:\/\/vssa.adv.br\/site\/wp-json\/wp\/v2\/types\/page"}],"author":[{"embeddable":true,"href":"https:\/\/vssa.adv.br\/site\/wp-json\/wp\/v2\/users\/1"}],"replies":[{"embeddable":true,"href":"https:\/\/vssa.adv.br\/site\/wp-json\/wp\/v2\/comments?post=81"}],"version-history":[{"count":30,"href":"https:\/\/vssa.adv.br\/site\/wp-json\/wp\/v2\/pages\/81\/revisions"}],"predecessor-version":[{"id":456,"href":"https:\/\/vssa.adv.br\/site\/wp-json\/wp\/v2\/pages\/81\/revisions\/456"}],"wp:attachment":[{"href":"https:\/\/vssa.adv.br\/site\/wp-json\/wp\/v2\/media?parent=81"}],"curies":[{"name":"wp","href":"https:\/\/api.w.org\/{rel}","templated":true}]}}