{"id":6,"date":"2022-03-09T15:09:38","date_gmt":"2022-03-09T18:09:38","guid":{"rendered":"https:\/\/vssa.adv.br\/site\/?page_id=6"},"modified":"2023-01-12T11:59:32","modified_gmt":"2023-01-12T14:59:32","slug":"home","status":"publish","type":"page","link":"https:\/\/vssa.adv.br\/site\/","title":{"rendered":"Home"},"content":{"rendered":"<p>[et_pb_section fb_built=&#8221;1&#8243; _builder_version=&#8221;4.16&#8243; _module_preset=&#8221;default&#8221; background_color=&#8221;#4A5567&#8243; use_background_color_gradient=&#8221;on&#8221; custom_margin=&#8221;-139px|0px|0px|0px|false|true&#8221; custom_padding=&#8221;0px|0px|0px|0px|false|true&#8221; top_divider_color=&#8221;#214181&#8243; top_divider_height=&#8221;0px&#8221; bottom_divider_color=&#8221;#214181&#8243; bottom_divider_height=&#8221;266px&#8221; hover_enabled=&#8221;0&#8243; locked=&#8221;off&#8221; global_colors_info=&#8221;{}&#8221; background_color_gradient_stops=&#8221;#2b87da 0%|#29c4a9 100%&#8221; sticky_enabled=&#8221;0&#8243;][et_pb_row use_custom_gutter=&#8221;on&#8221; gutter_width=&#8221;1&#8243; make_equal=&#8221;on&#8221; _builder_version=&#8221;4.16&#8243; _module_preset=&#8221;default&#8221; width=&#8221;100%&#8221; max_width=&#8221;100%&#8221; module_alignment=&#8221;center&#8221; custom_padding=&#8221;0px|0px|0px|0px|true|true&#8221; global_colors_info=&#8221;{}&#8221;][et_pb_column type=&#8221;4_4&#8243; _builder_version=&#8221;4.16&#8243; _module_preset=&#8221;default&#8221; global_colors_info=&#8221;{}&#8221;][et_pb_slider _builder_version=&#8221;4.15.0&#8243; _module_preset=&#8221;default&#8221; custom_padding=&#8221;||300px|||&#8221; custom_padding_tablet=&#8221;||300px|||&#8221; custom_padding_phone=&#8221;||50px||false|false&#8221; custom_padding_last_edited=&#8221;on|phone&#8221; hover_enabled=&#8221;0&#8243; header_font_size_tablet=&#8221;&#8221; header_font_size_phone=&#8221;&#8221; header_font_size_last_edited=&#8221;on|phone&#8221; global_colors_info=&#8221;{}&#8221; sticky_enabled=&#8221;0&#8243;][et_pb_slide heading=&#8221;Solu\u00e7\u00f5es Din\u00e2micas e Inteligentes&#8221; _builder_version=&#8221;4.15.0&#8243; _module_preset=&#8221;default&#8221; header_font=&#8221;|600||on|||||&#8221; header_text_align=&#8221;center&#8221; header_font_size=&#8221;52px&#8221; header_letter_spacing=&#8221;1px&#8221; background_enable_color=&#8221;off&#8221; use_background_color_gradient=&#8221;on&#8221; background_color_gradient_start=&#8221;#102246&#8243; background_color_gradient_end=&#8221;#4a5567&#8243; background_color_gradient_direction=&#8221;-19deg&#8221; background_color_gradient_start_position=&#8221;45%&#8221; background_color_gradient_end_position=&#8221;45%&#8221; background_image=&#8221;https:\/\/vssa.adv.br\/site\/wp-content\/uploads\/2022\/03\/banner-07.jpg&#8221; background_enable_image=&#8221;on&#8221; background_blend=&#8221;multiply&#8221; custom_padding=&#8221;350px||300px||false|false&#8221; custom_padding_tablet=&#8221;350px||300px||false|false&#8221; custom_padding_phone=&#8221;150px||100px||false|false&#8221; custom_padding_last_edited=&#8221;on|phone&#8221; hover_enabled=&#8221;0&#8243; header_font_size_tablet=&#8221;52px&#8221; header_font_size_phone=&#8221;34px&#8221; header_font_size_last_edited=&#8221;on|phone&#8221; header_line_height_tablet=&#8221;&#8221; header_line_height_phone=&#8221;1.3em&#8221; header_line_height_last_edited=&#8221;on|phone&#8221; global_colors_info=&#8221;{}&#8221; sticky_transition=&#8221;on&#8221; use_bg_overlay=&#8221;on&#8221; bg_overlay_color=&#8221;rgba(16,34,70,0.66)&#8221; sticky_enabled=&#8221;0&#8243;][\/et_pb_slide][et_pb_slide heading=&#8221;Atendimento Personalizado&#8221; _builder_version=&#8221;4.15.0&#8243; _module_preset=&#8221;default&#8221; header_font=&#8221;|600||on|||||&#8221; header_text_align=&#8221;center&#8221; header_font_size=&#8221;52px&#8221; header_letter_spacing=&#8221;2px&#8221; header_line_height=&#8221;1.3em&#8221; background_enable_color=&#8221;off&#8221; use_background_color_gradient=&#8221;on&#8221; background_color_gradient_start=&#8221;#102246&#8243; background_color_gradient_end=&#8221;#4a5567&#8243; background_color_gradient_direction=&#8221;17deg&#8221; background_color_gradient_start_position=&#8221;40%&#8221; background_color_gradient_end_position=&#8221;40%&#8221; background_image=&#8221;https:\/\/vssa.adv.br\/site\/wp-content\/uploads\/2022\/03\/banner-08.jpg&#8221; background_enable_image=&#8221;on&#8221; background_blend=&#8221;multiply&#8221; custom_padding=&#8221;200px||180px||false|false&#8221; hover_enabled=&#8221;0&#8243; header_font_size_tablet=&#8221;52px&#8221; header_font_size_phone=&#8221;26px&#8221; header_font_size_last_edited=&#8221;on|phone&#8221; global_colors_info=&#8221;{}&#8221; sticky_transition=&#8221;on&#8221; use_bg_overlay=&#8221;on&#8221; bg_overlay_color=&#8221;rgba(16,34,70,0.66)&#8221; sticky_enabled=&#8221;0&#8243;][\/et_pb_slide][\/et_pb_slider][et_pb_code raw_content_tablet=&#8221;&#8221; raw_content_phone=&#8221;<\/p>\n<style>\n<p>@media (max-width: 767px)\n{\n.dr_slider_arrow_3 .et-pb-arrow-next, .dr_slider_arrow_3 .et-pb-arrow-prev {\n    background: #181818;\n    font-size: 15px!Important;\n border-style: solid;\n    border-width: 2px;\n    padding: 5px!Important;\n}<\/p>\n<p>   .dr_slider_3 .et_pb_slide_description  .et_pb_slide_title {\n    position: relative;\n    display: block;\n    font-size: 25px!Important;\n    line-height: 70px;\n    color: #ffffff;\n    text-align: left;\n    font-weight: 700;\n    max-width: 750px;\n   padding-left: 5px!Important;\n    margin-bottom: 20px;\n    object-position: 0;\n}<\/p>\n<p>}<\/p>\n<\/style>\n<p>&#8221; raw_content_last_edited=&#8221;on|phone&#8221; _builder_version=&#8221;4.16&#8243; _module_preset=&#8221;default&#8221; hover_enabled=&#8221;0&#8243; global_colors_info=&#8221;{}&#8221; sticky_enabled=&#8221;0&#8243;]<\/p>\n<style><!-- [et_pb_line_break_holder] --><!-- [et_pb_line_break_holder] -->@media (max-width: 767px)<!-- [et_pb_line_break_holder] -->{<!-- [et_pb_line_break_holder] -->.dr_slider_arrow_3 .et-pb-arrow-next, .dr_slider_arrow_3 .et-pb-arrow-prev {<!-- [et_pb_line_break_holder] -->    background: #181818;<!-- [et_pb_line_break_holder] -->    font-size: 15px!Important;<!-- [et_pb_line_break_holder] --> border-style: solid;<!-- [et_pb_line_break_holder] -->    border-width: 2px;<!-- [et_pb_line_break_holder] -->    padding: 5px!Important;<!-- [et_pb_line_break_holder] -->}<!-- [et_pb_line_break_holder] -->}<!-- [et_pb_line_break_holder] -->  <!-- [et_pb_line_break_holder] -->.dr_slider_arrow_3 .et-pb-arrow-next, .dr_slider_arrow_3 .et-pb-arrow-prev {<!-- [et_pb_line_break_holder] -->    background: #181818;<!-- [et_pb_line_break_holder] -->    font-size: 35px;<!-- [et_pb_line_break_holder] --> border-style: solid;<!-- [et_pb_line_break_holder] -->    border-width: 2px;<!-- [et_pb_line_break_holder] -->    padding: 15px;<!-- [et_pb_line_break_holder] -->}<!-- [et_pb_line_break_holder] -->  <!-- [et_pb_line_break_holder] -->  .dr_slider_3 .et_pb_slide_description  .et_pb_slide_title {<!-- [et_pb_line_break_holder] -->    position: relative;<!-- [et_pb_line_break_holder] -->    display: block;<!-- [et_pb_line_break_holder] -->    font-size: 64px;<!-- [et_pb_line_break_holder] -->    line-height: 70px;<!-- [et_pb_line_break_holder] -->    color: #ffffff;<!-- [et_pb_line_break_holder] -->    text-align: left;<!-- [et_pb_line_break_holder] -->    font-weight: 700;<!-- [et_pb_line_break_holder] -->    max-width: 750px;<!-- [et_pb_line_break_holder] -->   padding-left: 25px;<!-- [et_pb_line_break_holder] -->    margin-bottom: 20px;<!-- [et_pb_line_break_holder] -->    object-position: 0;<!-- [et_pb_line_break_holder] -->}<!-- [et_pb_line_break_holder] -->  <!-- [et_pb_line_break_holder] -->  .dr_slider_3 .et_pb_slide_description .et_pb_slide_title:before {<!-- [et_pb_line_break_holder] -->    position: absolute;<!-- [et_pb_line_break_holder] -->    left: 0;<!-- [et_pb_line_break_holder] -->    top: 0;<!-- [et_pb_line_break_holder] -->    width: 5px;<!-- [et_pb_line_break_holder] -->    content: \"\";<!-- [et_pb_line_break_holder] -->    background-color: #eb1f31;<!-- [et_pb_line_break_holder] -->    height: 100%;<!-- [et_pb_line_break_holder] -->    transition-delay: .5s;<!-- [et_pb_line_break_holder] -->    transition: all .7s ease;<!-- [et_pb_line_break_holder] -->}<!-- [et_pb_line_break_holder] --><\/style>\n<p>[\/et_pb_code][\/et_pb_column][\/et_pb_row][\/et_pb_section][et_pb_section fb_built=&#8221;1&#8243; admin_label=&#8221;Service Section&#8221; _builder_version=&#8221;4.15.0&#8243; use_background_color_gradient=&#8221;on&#8221; background_color_gradient_start=&#8221;rgba(74,85,103,0.95)&#8221; background_color_gradient_end=&#8221;rgba(74,85,103,0.91)&#8221; background_color_gradient_overlays_image=&#8221;on&#8221; background_image=&#8221;https:\/\/vssa.adv.br\/site\/wp-content\/uploads\/2022\/03\/divireload-custom-slider-6.jpg&#8221; background_pattern_horizontal_offset=&#8221;6%&#8221; background_pattern_vertical_offset=&#8221;5%&#8221; custom_padding=&#8221;60px||110px||false|false&#8221; top_divider_style=&#8221;arrow3&#8243; top_divider_color=&#8221;#102246&#8243; top_divider_height=&#8221;83px&#8221; bottom_divider_style=&#8221;asymmetric2&#8243; bottom_divider_color=&#8221;#102246&#8243; bottom_divider_height=&#8221;319px&#8221; hover_enabled=&#8221;0&#8243; border_color_right=&#8221;#404142&#8243; global_colors_info=&#8221;{}&#8221; sticky_enabled=&#8221;0&#8243; background_color=&#8221;rgba(0,0,0,0.77)&#8221;][et_pb_row admin_label=&#8221;Service Area&#8221; _builder_version=&#8221;4.16&#8243; global_colors_info=&#8221;{}&#8221;][et_pb_column type=&#8221;4_4&#8243; _builder_version=&#8221;4.16&#8243; custom_padding=&#8221;|||&#8221; global_colors_info=&#8221;{}&#8221; custom_padding__hover=&#8221;|||&#8221;][et_pb_text admin_label=&#8221;Title&#8221; _builder_version=&#8221;4.16&#8243; text_font=&#8221;||||||||&#8221; header_font=&#8221;||||||||&#8221; header_text_color=&#8221;#F1E2CF&#8221; header_2_font=&#8221;|||on|||||&#8221; header_2_text_align=&#8221;center&#8221; header_2_text_color=&#8221;#E8E6E5&#8243; header_2_font_size=&#8221;42px&#8221; header_2_line_height=&#8221;1.6em&#8221; module_alignment=&#8221;center&#8221; custom_margin=&#8221;||10px|&#8221; custom_padding=&#8221;|||&#8221; animation_style=&#8221;fade&#8221; header_2_font_size_tablet=&#8221;40px&#8221; header_2_font_size_phone=&#8221;&#8221; header_2_font_size_last_edited=&#8221;on|tablet&#8221; global_colors_info=&#8221;{}&#8221;]<\/p>\n<h2>\u00c1reas de Atua\u00e7\u00e3o<\/h2>\n<p>[\/et_pb_text][et_pb_divider color=&#8221;#E8E6E5&#8243; divider_position=&#8221;center&#8221; divider_weight=&#8221;3px&#8221; _builder_version=&#8221;4.16&#8243; max_width=&#8221;70px&#8221; module_alignment=&#8221;center&#8221; animation_style=&#8221;slide&#8221; animation_direction=&#8221;top&#8221; animation_intensity_slide=&#8221;10%&#8221; animation_starting_opacity=&#8221;100%&#8221; locked=&#8221;off&#8221; global_colors_info=&#8221;{}&#8221;][\/et_pb_divider][\/et_pb_column][\/et_pb_row][et_pb_row column_structure=&#8221;1_3,1_3,1_3&#8243; use_custom_gutter=&#8221;on&#8221; gutter_width=&#8221;1&#8243; make_equal=&#8221;on&#8221; admin_label=&#8221;Service Area&#8221; _builder_version=&#8221;4.16&#8243; global_colors_info=&#8221;{}&#8221;][et_pb_column type=&#8221;1_3&#8243; _builder_version=&#8221;4.16&#8243; custom_padding=&#8221;|20px|||false|false&#8221; custom_padding_tablet=&#8221;|20px|||false|false&#8221; custom_padding_phone=&#8221;|0px||0px|false|false&#8221; custom_padding_last_edited=&#8221;on|phone&#8221; border_width_right=&#8221;1px&#8221; border_color_right=&#8221;rgba(232,230,229,0.28)&#8221; border_style_right=&#8221;dotted&#8221; global_colors_info=&#8221;{}&#8221; custom_padding__hover=&#8221;|||&#8221;][et_pb_blurb title=&#8221;DIREITO EMPRESARIAL&#8221; use_icon=&#8221;on&#8221; font_icon=&#8221;&#xf0b1;||fa||900&#8243; icon_color=&#8221;#E8E6E5&#8243; image_icon_background_color=&#8221;RGBA(255,255,255,0)&#8221; image_icon_width=&#8221;42px&#8221; content_max_width=&#8221;300px&#8221; _builder_version=&#8221;4.16&#8243; header_font=&#8221;|600|||||||&#8221; header_text_color=&#8221;#E8E6E5&#8243; header_font_size=&#8221;18px&#8221; header_line_height=&#8221;1.4em&#8221; body_font=&#8221;||||||||&#8221; body_font_size=&#8221;16px&#8221; body_line_height=&#8221;2em&#8221; background_color=&#8221;#214181&#8243; image_icon_custom_margin=&#8221;||||true|false&#8221; image_icon_custom_padding=&#8221;20px|20px|20px|20px|true|true&#8221; text_orientation=&#8221;center&#8221; custom_padding=&#8221;60px|20px|60px|20px|true|true&#8221; animation_style=&#8221;fade&#8221; border_color_all=&#8221;#008DAC&#8221; border_radii_image=&#8221;on|200px|200px|200px|200px&#8221; border_width_all_image=&#8221;2px&#8221; border_color_all_image=&#8221;#E8E6E5&#8243; box_shadow_style=&#8221;preset3&#8243; box_shadow_blur=&#8221;8px&#8221; box_shadow_color=&#8221;rgba(0,0,0,0.14)&#8221; icon_font_size=&#8221;42px&#8221; global_colors_info=&#8221;{}&#8221; transform_styles__hover_enabled=&#8221;on|desktop&#8221; transform_scale__hover=&#8221;105%|105%&#8221; transform_scale__hover_enabled=&#8221;on|desktop&#8221; transform_translate__hover_enabled=&#8221;on|desktop&#8221; transform_rotate__hover_enabled=&#8221;on|desktop&#8221; transform_skew__hover_enabled=&#8221;on|desktop&#8221; transform_origin__hover_enabled=&#8221;on|desktop&#8221;][\/et_pb_blurb][\/et_pb_column][et_pb_column type=&#8221;1_3&#8243; _builder_version=&#8221;4.16&#8243; custom_padding=&#8221;|20px||20px|false|true&#8221; custom_padding_tablet=&#8221;|20px||20px|false|true&#8221; custom_padding_phone=&#8221;|0px||0px|false|true&#8221; custom_padding_last_edited=&#8221;on|phone&#8221; border_width_right=&#8221;1px&#8221; border_color_right=&#8221;rgba(232,230,229,0.28)&#8221; border_style_right=&#8221;dotted&#8221; global_colors_info=&#8221;{}&#8221; custom_padding__hover=&#8221;|||&#8221;][et_pb_blurb title=&#8221;DIREITO DO TRABALHO E DIREITO SINDICAL&#8221; use_icon=&#8221;on&#8221; font_icon=&#8221;&#xe108;||divi||400&#8243; icon_color=&#8221;#E8E6E5&#8243; image_icon_background_color=&#8221;RGBA(255,255,255,0)&#8221; image_icon_width=&#8221;42px&#8221; content_max_width=&#8221;300px&#8221; _builder_version=&#8221;4.16&#8243; header_font=&#8221;|600|||||||&#8221; header_text_color=&#8221;#E8E6E5&#8243; header_font_size=&#8221;18px&#8221; header_line_height=&#8221;1.4em&#8221; body_font=&#8221;||||||||&#8221; body_font_size=&#8221;16px&#8221; body_line_height=&#8221;2em&#8221; background_color=&#8221;#102246&#8243; image_icon_custom_margin=&#8221;||||true|false&#8221; image_icon_custom_padding=&#8221;20px|20px|20px|20px|true|true&#8221; text_orientation=&#8221;center&#8221; custom_padding=&#8221;60px|20px|60px|20px|true|true&#8221; animation_style=&#8221;fade&#8221; border_color_all=&#8221;#008DAC&#8221; border_color_bottom=&#8221;#008DAC&#8221; border_style_bottom=&#8221;dotted&#8221; border_radii_image=&#8221;on|200px|200px|200px|200px&#8221; border_width_all_image=&#8221;2px&#8221; border_color_all_image=&#8221;#E8E6E5&#8243; box_shadow_style=&#8221;preset3&#8243; box_shadow_blur=&#8221;8px&#8221; box_shadow_color=&#8221;rgba(0,0,0,0.14)&#8221; icon_font_size=&#8221;42px&#8221; locked=&#8221;off&#8221; global_colors_info=&#8221;{}&#8221; transform_styles__hover_enabled=&#8221;on|desktop&#8221; transform_scale__hover=&#8221;105%|105%&#8221; transform_scale__hover_enabled=&#8221;on|desktop&#8221; transform_translate__hover_enabled=&#8221;on|desktop&#8221; transform_rotate__hover_enabled=&#8221;on|desktop&#8221; transform_skew__hover_enabled=&#8221;on|desktop&#8221; transform_origin__hover_enabled=&#8221;on|desktop&#8221;][\/et_pb_blurb][\/et_pb_column][et_pb_column type=&#8221;1_3&#8243; _builder_version=&#8221;4.16&#8243; custom_padding=&#8221;|||20px|false|false&#8221; custom_padding_tablet=&#8221;|||20px|false|false&#8221; custom_padding_phone=&#8221;|0px||0px|false|false&#8221; custom_padding_last_edited=&#8221;on|phone&#8221; global_colors_info=&#8221;{}&#8221; custom_padding__hover=&#8221;|||&#8221;][et_pb_blurb title=&#8221;GEST\u00c3O FINANCEIRA DOS PROCESSOS TRABALHISTAS&#8221; use_icon=&#8221;on&#8221; font_icon=&#8221;&#xf662;||fa||900&#8243; icon_color=&#8221;#E8E6E5&#8243; image_icon_background_color=&#8221;RGBA(255,255,255,0)&#8221; image_icon_width=&#8221;42px&#8221; content_max_width=&#8221;300px&#8221; _builder_version=&#8221;4.16&#8243; header_font=&#8221;|600|||||||&#8221; header_text_color=&#8221;#E8E6E5&#8243; header_font_size=&#8221;18px&#8221; header_line_height=&#8221;1.4em&#8221; body_font=&#8221;||||||||&#8221; body_font_size=&#8221;16px&#8221; body_line_height=&#8221;2em&#8221; background_color=&#8221;#214181&#8243; image_icon_custom_margin=&#8221;||||true|false&#8221; image_icon_custom_padding=&#8221;20px|15px|20px|15px|true|true&#8221; text_orientation=&#8221;center&#8221; custom_padding=&#8221;60px|20px|60px|20px|true|true&#8221; animation_style=&#8221;fade&#8221; border_color_all=&#8221;#008DAC&#8221; border_color_bottom=&#8221;#008DAC&#8221; border_style_bottom=&#8221;dotted&#8221; border_radii_image=&#8221;on|200px|200px|200px|200px&#8221; border_width_all_image=&#8221;2px&#8221; border_color_all_image=&#8221;#E8E6E5&#8243; box_shadow_style=&#8221;preset3&#8243; box_shadow_blur=&#8221;8px&#8221; box_shadow_color=&#8221;rgba(0,0,0,0.14)&#8221; icon_font_size=&#8221;42px&#8221; locked=&#8221;off&#8221; global_colors_info=&#8221;{}&#8221; transform_styles__hover_enabled=&#8221;on|desktop&#8221; transform_scale__hover=&#8221;105%|105%&#8221; transform_scale__hover_enabled=&#8221;on|desktop&#8221; transform_translate__hover_enabled=&#8221;on|desktop&#8221; transform_rotate__hover_enabled=&#8221;on|desktop&#8221; transform_skew__hover_enabled=&#8221;on|desktop&#8221; transform_origin__hover_enabled=&#8221;on|desktop&#8221;][\/et_pb_blurb][\/et_pb_column][\/et_pb_row][et_pb_row column_structure=&#8221;1_3,1_3,1_3&#8243; use_custom_gutter=&#8221;on&#8221; gutter_width=&#8221;1&#8243; make_equal=&#8221;on&#8221; admin_label=&#8221;Service Area&#8221; _builder_version=&#8221;4.15.0&#8243; hover_enabled=&#8221;0&#8243; global_colors_info=&#8221;{}&#8221; sticky_enabled=&#8221;0&#8243;][et_pb_column type=&#8221;1_3&#8243; _builder_version=&#8221;4.15.0&#8243; custom_padding=&#8221;|20px|||false|false&#8221; hover_enabled=&#8221;0&#8243; border_color_right=&#8221;#008DAC&#8221; border_style_right=&#8221;dotted&#8221; global_colors_info=&#8221;{}&#8221; custom_padding__hover=&#8221;|||&#8221; sticky_enabled=&#8221;0&#8243; custom_padding_last_edited=&#8221;on|phone&#8221; custom_padding_phone=&#8221;|0px||0px|false|false&#8221; custom_padding_tablet=&#8221;|20px|||false|false&#8221;][et_pb_blurb title=&#8221;DIREITO TRIBUT\u00c1RIO&#8221; use_icon=&#8221;on&#8221; font_icon=&#8221;&#xf4b9;||fa||900&#8243; icon_color=&#8221;#E8E6E5&#8243; image_icon_background_color=&#8221;RGBA(255,255,255,0)&#8221; image_icon_width=&#8221;42px&#8221; content_max_width=&#8221;300px&#8221; _builder_version=&#8221;4.16&#8243; header_font=&#8221;|600|||||||&#8221; header_text_color=&#8221;#E8E6E5&#8243; header_font_size=&#8221;18px&#8221; header_line_height=&#8221;1.4em&#8221; body_font=&#8221;||||||||&#8221; body_font_size=&#8221;16px&#8221; body_line_height=&#8221;2em&#8221; background_color=&#8221;#102246&#8243; image_icon_custom_margin=&#8221;||||true|false&#8221; image_icon_custom_padding=&#8221;20px|20px|20px|20px|true|true&#8221; text_orientation=&#8221;center&#8221; custom_padding=&#8221;60px|20px|60px|20px|true|true&#8221; animation_style=&#8221;fade&#8221; border_color_all=&#8221;#008DAC&#8221; border_color_bottom=&#8221;#008DAC&#8221; border_style_bottom=&#8221;dotted&#8221; border_radii_image=&#8221;on|200px|200px|200px|200px&#8221; border_width_all_image=&#8221;2px&#8221; border_color_all_image=&#8221;#E8E6E5&#8243; box_shadow_style=&#8221;preset3&#8243; box_shadow_blur=&#8221;8px&#8221; box_shadow_color=&#8221;rgba(0,0,0,0.14)&#8221; icon_font_size=&#8221;42px&#8221; locked=&#8221;off&#8221; global_colors_info=&#8221;{}&#8221; transform_styles__hover_enabled=&#8221;on|desktop&#8221; transform_scale__hover=&#8221;105%|105%&#8221; transform_scale__hover_enabled=&#8221;on|desktop&#8221; transform_translate__hover_enabled=&#8221;on|desktop&#8221; transform_rotate__hover_enabled=&#8221;on|desktop&#8221; transform_skew__hover_enabled=&#8221;on|desktop&#8221; transform_origin__hover_enabled=&#8221;on|desktop&#8221;][\/et_pb_blurb][\/et_pb_column][et_pb_column type=&#8221;1_3&#8243; _builder_version=&#8221;4.15.0&#8243; custom_padding=&#8221;|20px||20px|false|true&#8221; hover_enabled=&#8221;0&#8243; border_color_right=&#8221;#008DAC&#8221; border_style_right=&#8221;dotted&#8221; global_colors_info=&#8221;{}&#8221; custom_padding__hover=&#8221;|||&#8221; custom_padding_last_edited=&#8221;on|phone&#8221; custom_padding_phone=&#8221;|0px||0px|false|true&#8221; sticky_enabled=&#8221;0&#8243; custom_padding_tablet=&#8221;|20px||20px|false|true&#8221;][et_pb_blurb title=&#8221;DIREITO  CIVIL&#8221; use_icon=&#8221;on&#8221; font_icon=&#8221;&#xf0c0;||fa||900&#8243; icon_color=&#8221;#E8E6E5&#8243; image_icon_background_color=&#8221;RGBA(255,255,255,0)&#8221; image_icon_width=&#8221;42px&#8221; content_max_width=&#8221;300px&#8221; _builder_version=&#8221;4.16&#8243; header_font=&#8221;|600|||||||&#8221; header_text_color=&#8221;#E8E6E5&#8243; header_font_size=&#8221;18px&#8221; header_line_height=&#8221;1.4em&#8221; body_font=&#8221;||||||||&#8221; body_font_size=&#8221;16px&#8221; body_line_height=&#8221;2em&#8221; background_color=&#8221;#214181&#8243; image_icon_custom_margin=&#8221;||||true|false&#8221; image_icon_custom_padding=&#8221;20px|15px|20px|15px|true|true&#8221; text_orientation=&#8221;center&#8221; custom_padding=&#8221;60px|20px|60px|20px|true|true&#8221; animation_style=&#8221;fade&#8221; border_color_all=&#8221;#008DAC&#8221; border_color_bottom=&#8221;#008DAC&#8221; border_style_bottom=&#8221;dotted&#8221; border_radii_image=&#8221;on|200px|200px|200px|200px&#8221; border_width_all_image=&#8221;2px&#8221; border_color_all_image=&#8221;#E8E6E5&#8243; box_shadow_style=&#8221;preset3&#8243; box_shadow_blur=&#8221;8px&#8221; box_shadow_color=&#8221;rgba(0,0,0,0.14)&#8221; icon_font_size=&#8221;42px&#8221; locked=&#8221;off&#8221; global_colors_info=&#8221;{}&#8221; transform_styles__hover_enabled=&#8221;on|desktop&#8221; transform_scale__hover=&#8221;105%|105%&#8221; transform_scale__hover_enabled=&#8221;on|desktop&#8221; transform_translate__hover_enabled=&#8221;on|desktop&#8221; transform_rotate__hover_enabled=&#8221;on|desktop&#8221; transform_skew__hover_enabled=&#8221;on|desktop&#8221; transform_origin__hover_enabled=&#8221;on|desktop&#8221;][\/et_pb_blurb][\/et_pb_column][et_pb_column type=&#8221;1_3&#8243; _builder_version=&#8221;4.15.0&#8243; custom_padding=&#8221;|0px||0px|false|false&#8221; hover_enabled=&#8221;0&#8243; global_colors_info=&#8221;{}&#8221; custom_padding__hover=&#8221;|||&#8221; sticky_enabled=&#8221;0&#8243;][et_pb_blurb title=&#8221;DIREITO IMOBILI\u00c1RIO&#8221; use_icon=&#8221;on&#8221; font_icon=&#8221;&#xe0ef;||divi||400&#8243; icon_color=&#8221;#E8E6E5&#8243; image_icon_background_color=&#8221;RGBA(255,255,255,0)&#8221; image_icon_width=&#8221;42px&#8221; content_max_width=&#8221;300px&#8221; _builder_version=&#8221;4.16&#8243; header_font=&#8221;|600|||||||&#8221; header_text_color=&#8221;#E8E6E5&#8243; header_font_size=&#8221;18px&#8221; header_line_height=&#8221;1.4em&#8221; body_font=&#8221;||||||||&#8221; body_font_size=&#8221;16px&#8221; body_line_height=&#8221;2em&#8221; background_color=&#8221;#102246&#8243; image_icon_custom_margin=&#8221;||||true|false&#8221; image_icon_custom_padding=&#8221;20px|20px|20px|20px|true|true&#8221; text_orientation=&#8221;center&#8221; custom_padding=&#8221;60px|20px|60px|20px|true|true&#8221; animation_style=&#8221;fade&#8221; border_color_all=&#8221;#008DAC&#8221; border_color_bottom=&#8221;#008DAC&#8221; border_style_bottom=&#8221;dotted&#8221; border_radii_image=&#8221;on|200px|200px|200px|200px&#8221; border_width_all_image=&#8221;2px&#8221; border_color_all_image=&#8221;#E8E6E5&#8243; box_shadow_style=&#8221;preset3&#8243; box_shadow_blur=&#8221;8px&#8221; box_shadow_color=&#8221;rgba(0,0,0,0.14)&#8221; icon_font_size=&#8221;42px&#8221; locked=&#8221;off&#8221; global_colors_info=&#8221;{}&#8221; transform_styles__hover_enabled=&#8221;on|desktop&#8221; transform_scale__hover=&#8221;105%|105%&#8221; transform_scale__hover_enabled=&#8221;on|desktop&#8221; transform_translate__hover_enabled=&#8221;on|desktop&#8221; transform_rotate__hover_enabled=&#8221;on|desktop&#8221; transform_skew__hover_enabled=&#8221;on|desktop&#8221; transform_origin__hover_enabled=&#8221;on|desktop&#8221;][\/et_pb_blurb][\/et_pb_column][\/et_pb_row][\/et_pb_section]<\/p>\n","protected":false},"excerpt":{"rendered":"<p>\u00c1reas de Atua\u00e7\u00e3o<\/p>\n","protected":false},"author":1,"featured_media":0,"parent":0,"menu_order":0,"comment_status":"closed","ping_status":"closed","template":"","meta":{"_et_pb_use_builder":"on","_et_pb_old_content":"","_et_gb_content_width":""},"_links":{"self":[{"href":"https:\/\/vssa.adv.br\/site\/wp-json\/wp\/v2\/pages\/6"}],"collection":[{"href":"https:\/\/vssa.adv.br\/site\/wp-json\/wp\/v2\/pages"}],"about":[{"href":"https:\/\/vssa.adv.br\/site\/wp-json\/wp\/v2\/types\/page"}],"author":[{"embeddable":true,"href":"https:\/\/vssa.adv.br\/site\/wp-json\/wp\/v2\/users\/1"}],"replies":[{"embeddable":true,"href":"https:\/\/vssa.adv.br\/site\/wp-json\/wp\/v2\/comments?post=6"}],"version-history":[{"count":86,"href":"https:\/\/vssa.adv.br\/site\/wp-json\/wp\/v2\/pages\/6\/revisions"}],"predecessor-version":[{"id":446,"href":"https:\/\/vssa.adv.br\/site\/wp-json\/wp\/v2\/pages\/6\/revisions\/446"}],"wp:attachment":[{"href":"https:\/\/vssa.adv.br\/site\/wp-json\/wp\/v2\/media?parent=6"}],"curies":[{"name":"wp","href":"https:\/\/api.w.org\/{rel}","templated":true}]}}