{"id":49,"date":"2022-03-09T18:11:52","date_gmt":"2022-03-09T21:11:52","guid":{"rendered":"https:\/\/vssa.adv.br\/site\/?page_id=49"},"modified":"2023-01-12T12:38:40","modified_gmt":"2023-01-12T15:38:40","slug":"apresentacao","status":"publish","type":"page","link":"https:\/\/vssa.adv.br\/site\/apresentacao\/","title":{"rendered":"Apresenta\u00e7\u00e3o"},"content":{"rendered":"<p>[et_pb_section fb_built=&#8221;1&#8243; admin_label=&#8221;Page Title Section&#8221; _builder_version=&#8221;4.15.0&#8243; use_background_color_gradient=&#8221;on&#8221; background_color_gradient_start=&#8221;rgba(16,34,70,0.82)&#8221; background_color_gradient_end=&#8221;rgba(16,34,70,0.56)&#8221; background_color_gradient_overlays_image=&#8221;on&#8221; background_image=&#8221;https:\/\/vssa.adv.br\/site\/wp-content\/uploads\/2022\/03\/law-firm-18.jpg&#8221; custom_padding=&#8221;30px||30px||true|false&#8221; hover_enabled=&#8221;0&#8243; global_colors_info=&#8221;{}&#8221; background_color_gradient_stops=&#8221;rgba(16,34,70,0.82) 0%|rgba(16,34,70,0.56) 100%&#8221; sticky_enabled=&#8221;0&#8243; background_color=&#8221;rgba(16,34,70,0.76)&#8221;][et_pb_row admin_label=&#8221;Page Title Area&#8221; _builder_version=&#8221;4.16&#8243; background_size=&#8221;initial&#8221; background_position=&#8221;top_left&#8221; background_repeat=&#8221;repeat&#8221; global_colors_info=&#8221;{}&#8221; background_color_gradient_stops=&#8221;#2b87da 0%|#29c4a9 100%&#8221;][et_pb_column type=&#8221;4_4&#8243; _builder_version=&#8221;4.16&#8243; custom_padding=&#8221;|||&#8221; global_colors_info=&#8221;{}&#8221; custom_padding__hover=&#8221;|||&#8221; background_color_gradient_stops=&#8221;#2b87da 0%|#29c4a9 100%&#8221;][et_pb_text admin_label=&#8221;Page Title&#8221; _builder_version=&#8221;4.16&#8243; text_font=&#8221;||||||||&#8221; text_font_size=&#8221;18px&#8221; text_line_height=&#8221;2em&#8221; header_font=&#8221;|||on|||||&#8221; header_text_align=&#8221;left&#8221; header_font_size=&#8221;44px&#8221; header_line_height=&#8221;1.6em&#8221; header_2_font=&#8221;||||||||&#8221; text_orientation=&#8221;center&#8221; background_layout=&#8221;dark&#8221; module_alignment=&#8221;center&#8221; custom_margin=&#8221;|||&#8221; custom_padding=&#8221;|||20px|false|false&#8221; animation_style=&#8221;fade&#8221; header_font_size_tablet=&#8221;40px&#8221; header_font_size_phone=&#8221;&#8221; header_font_size_last_edited=&#8221;on|tablet&#8221; border_width_left=&#8221;3px&#8221; border_color_left=&#8221;#E8E6E5&#8243; global_colors_info=&#8221;{}&#8221; background_color_gradient_stops=&#8221;#2b87da 0%|#29c4a9 100%&#8221;]<\/p>\n<h1>Quem Somos<\/h1>\n<p>[\/et_pb_text][\/et_pb_column][\/et_pb_row][\/et_pb_section][et_pb_section fb_built=&#8221;1&#8243; admin_label=&#8221;Welcome Section&#8221; _builder_version=&#8221;4.16&#8243; background_color=&#8221;#E8E6E5&#8243; custom_padding=&#8221;0px||10px||false|false&#8221; top_divider_style=&#8221;arrow3&#8243; top_divider_color=&#8221;#102246&#8243; top_divider_height=&#8221;35px&#8221; bottom_divider_height=&#8221;119px&#8221; bottom_divider_flip=&#8221;vertical|horizontal&#8221; global_colors_info=&#8221;{}&#8221; background_color_gradient_stops=&#8221;#2b87da 0%|#29c4a9 100%&#8221;][et_pb_row admin_label=&#8221;Welcome Area&#8221; _builder_version=&#8221;4.16&#8243; global_colors_info=&#8221;{}&#8221; background_color_gradient_stops=&#8221;#2b87da 0%|#29c4a9 100%&#8221;][et_pb_column type=&#8221;4_4&#8243; _builder_version=&#8221;4.16&#8243; custom_padding=&#8221;80px||80px|&#8221; global_colors_info=&#8221;{}&#8221; custom_padding__hover=&#8221;|||&#8221; background_color_gradient_stops=&#8221;#2b87da 0%|#29c4a9 100%&#8221;][et_pb_text _builder_version=&#8221;4.16&#8243; text_font=&#8221;||||||||&#8221; text_text_color=&#8221;#000000&#8243; text_font_size=&#8221;16px&#8221; text_line_height=&#8221;2em&#8221; custom_padding=&#8221;20px||20px|30px|true|false&#8221; animation_direction=&#8221;left&#8221; border_color_left=&#8221;#214181&#8243; global_colors_info=&#8221;{}&#8221; background_color_gradient_stops=&#8221;#2b87da 0%|#29c4a9 100%&#8221;]<\/p>\n<p>O escrit\u00f3rio <strong>VILARINO SANTOS SENA ADVOGADOS<\/strong> nasceu em Janeiro de 2013 com o objetivo de harmonizar duas qualidades distintas da advocacia empresarial contempor\u00e2nea, quais sejam, a pessoalidade do atendimento ao cliente e a tecnologia e organiza\u00e7\u00e3o das grandes corpora\u00e7\u00f5es.<\/p>\n<p>Com atendimento personalizado, disponibilizamos aos nossos clientes uma equipe de profissionais nas diversas \u00e1reas do Direito, fornecendo\u00a0solu\u00e7\u00f5es din\u00e2micas e inteligentes\u00a0aos problemas jur\u00eddicos corporativos do cotidiano empresarial.<\/p>\n<p>Contamos com profissionais especializados nas \u00e1reas de Direito Empresarial, Trabalhista, Tribut\u00e1rio, C\u00edvel, Sindical, Administrativo, Imobili\u00e1rio e Consumerista e disponibilizamos alternativas inovadoras no desenvolvimento e estrutura\u00e7\u00e3o dos neg\u00f3cios e de projetos, garantindo qualidade e seguran\u00e7a \u00e0s demandas, com foco em resultados e respeito aos princ\u00edpios da \u00e9tica profissional.<\/p>\n<p>O escrit\u00f3rio VSSA possui sua sede na Cidade de Belo Horizonte\/MG, e sua equipe est\u00e1 apta a oferecer solu\u00e7\u00f5es nas diversas \u00e1reas do direito para empresas e clientes de todo o Brasil.<\/p>\n<p>[\/et_pb_text][\/et_pb_column][\/et_pb_row][\/et_pb_section][et_pb_section fb_built=&#8221;1&#8243; admin_label=&#8221;Welcome Section&#8221; _builder_version=&#8221;4.16&#8243; background_enable_color=&#8221;off&#8221; background_image=&#8221;https:\/\/vssa.adv.br\/site\/wp-content\/uploads\/2022\/03\/banner-09.jpg&#8221; parallax=&#8221;on&#8221; background_enable_mask_style=&#8221;on&#8221; background_mask_style=&#8221;triangles&#8221; background_mask_color=&#8221;#102246&#8243; background_mask_blend_mode=&#8221;multiply&#8221; custom_padding=&#8221;0px||10px||false|false&#8221; top_divider_style=&#8221;arrow3&#8243; top_divider_color=&#8221;#E8E6E5&#8243; top_divider_height=&#8221;35px&#8221; bottom_divider_height=&#8221;119px&#8221; bottom_divider_flip=&#8221;vertical|horizontal&#8221; background_last_edited=&#8221;on|desktop&#8221; background_mask_size_phone=&#8221;cover&#8221; global_colors_info=&#8221;{}&#8221; background_color_gradient_stops=&#8221;#2b87da 0%|#29c4a9 100%&#8221;][et_pb_row column_structure=&#8221;2_3,1_3&#8243; admin_label=&#8221;Welcome Area&#8221; _builder_version=&#8221;4.16&#8243; global_colors_info=&#8221;{}&#8221; background_color_gradient_stops=&#8221;#2b87da 0%|#29c4a9 100%&#8221;][et_pb_column type=&#8221;2_3&#8243; _builder_version=&#8221;4.16&#8243; custom_padding=&#8221;80px||80px|&#8221; global_colors_info=&#8221;{}&#8221; custom_padding__hover=&#8221;|||&#8221; background_color_gradient_stops=&#8221;#2b87da 0%|#29c4a9 100%&#8221;][et_pb_text admin_label=&#8221;Title&#8221; _builder_version=&#8221;4.16&#8243; text_font=&#8221;||||||||&#8221; header_font=&#8221;||||||||&#8221; header_2_font=&#8221;|||on|||||&#8221; header_2_text_color=&#8221;#E8E6E5&#8243; header_2_font_size=&#8221;36px&#8221; header_2_line_height=&#8221;1.6em&#8221; background_layout=&#8221;dark&#8221; custom_margin=&#8221;||10px|&#8221; custom_padding=&#8221;|||20px|false|false&#8221; animation_style=&#8221;slide&#8221; animation_direction=&#8221;right&#8221; animation_intensity_slide=&#8221;5%&#8221; animation_starting_opacity=&#8221;100%&#8221; header_2_font_size_tablet=&#8221;40px&#8221; header_2_font_size_phone=&#8221;&#8221; header_2_font_size_last_edited=&#8221;on|tablet&#8221; border_width_left=&#8221;3px&#8221; border_color_left=&#8221;#E8E6E5&#8243; locked=&#8221;off&#8221; global_colors_info=&#8221;{}&#8221; background_color_gradient_stops=&#8221;#2b87da 0%|#29c4a9 100%&#8221;]<\/p>\n<h2>Nossa Cultura<\/h2>\n<p>[\/et_pb_text][et_pb_text _builder_version=&#8221;4.16&#8243; text_font=&#8221;||||||||&#8221; text_text_color=&#8221;#fffcfc&#8221; text_font_size=&#8221;16px&#8221; text_line_height=&#8221;1.8em&#8221; header_font=&#8221;||||||||&#8221; header_3_font=&#8221;|600|||||||&#8221; header_3_text_color=&#8221;#E8E6E5&#8243; header_3_line_height=&#8221;1.4em&#8221; background_layout=&#8221;dark&#8221; custom_margin=&#8221;|||&#8221; custom_padding=&#8221;30px||||false|false&#8221; animation_style=&#8221;slide&#8221; animation_direction=&#8221;right&#8221; animation_intensity_slide=&#8221;5%&#8221; animation_starting_opacity=&#8221;100%&#8221; locked=&#8221;off&#8221; global_colors_info=&#8221;{}&#8221; background_color_gradient_stops=&#8221;#2b87da 0%|#29c4a9 100%&#8221;]<\/p>\n<h3>Atendimento personalizado com solu\u00e7\u00f5es din\u00e2micas e inteligentes.<\/h3>\n<p>O Vilarino Santos Sena Advogados n\u00e3o \u00e9 apenas um escrit\u00f3rio, mas uma equipe que trabalha de forma integrada para buscar permanentemente os melhores resultados. Compartilhamos valores, trabalhos e ideias para que as quest\u00f5es trazidas pelos clientes tenham a melhor solu\u00e7\u00e3o.<\/p>\n<p>Nossos advogados possuem total capacidade t\u00e9cnica e s\u00e3o integralmente aptos para representar os nossos clientes com empenho m\u00e1ximo, sempre tendo em mente a relev\u00e2ncia das estrat\u00e9gias tra\u00e7adas e o risco do neg\u00f3cio envolvido.<\/p>\n<p>Prezamos pelo esfor\u00e7o colaborativo e multidisciplinar de todos os advogados e cooperantes que atendem ao escrit\u00f3rio. Cuidamos de todas as pend\u00eancias de maneira individualizada, dando import\u00e2ncia a todas elas, independentemente de sua complexidade e grandiosidade.<\/p>\n<p>[\/et_pb_text][\/et_pb_column][et_pb_column type=&#8221;1_3&#8243; _builder_version=&#8221;4.16&#8243; custom_padding=&#8221;80px||80px|&#8221; global_colors_info=&#8221;{}&#8221; custom_padding__hover=&#8221;|||&#8221; background_color_gradient_stops=&#8221;#2b87da 0%|#29c4a9 100%&#8221;][\/et_pb_column][\/et_pb_row][\/et_pb_section][et_pb_section fb_built=&#8221;1&#8243; admin_label=&#8221;Our Philosophy Section&#8221; _builder_version=&#8221;4.16&#8243; background_color=&#8221;#BABAB9&#8243; custom_padding=&#8221;70px||70px||true|false&#8221; top_divider_style=&#8221;arrow3&#8243; top_divider_color=&#8221;#102246&#8243; top_divider_height=&#8221;32px&#8221; border_color_right=&#8221;#BABAB9&#8243; global_colors_info=&#8221;{}&#8221; background_color_gradient_stops=&#8221;#2b87da 0%|#29c4a9 100%&#8221;][et_pb_row admin_label=&#8221;Our Philosophy Area&#8221; _builder_version=&#8221;4.16&#8243; custom_margin=&#8221;||0px||false|false&#8221; custom_padding=&#8221;||0px||false|false&#8221; locked=&#8221;off&#8221; global_colors_info=&#8221;{}&#8221; background_color_gradient_stops=&#8221;#2b87da 0%|#29c4a9 100%&#8221;][et_pb_column type=&#8221;4_4&#8243; _builder_version=&#8221;4.16&#8243; custom_padding=&#8221;|||&#8221; global_colors_info=&#8221;{}&#8221; custom_padding__hover=&#8221;|||&#8221; background_color_gradient_stops=&#8221;#2b87da 0%|#29c4a9 100%&#8221;][et_pb_text admin_label=&#8221;Title&#8221; _builder_version=&#8221;4.16&#8243; text_font=&#8221;||||||||&#8221; header_font=&#8221;||||||||&#8221; header_2_font=&#8221;|||on|||||&#8221; header_2_text_color=&#8221;#102246&#8243; header_2_font_size=&#8221;36px&#8221; header_2_line_height=&#8221;1.6em&#8221; background_layout=&#8221;dark&#8221; custom_margin=&#8221;||10px|&#8221; custom_padding=&#8221;|||20px|false|false&#8221; animation_style=&#8221;slide&#8221; animation_direction=&#8221;right&#8221; animation_intensity_slide=&#8221;5%&#8221; animation_starting_opacity=&#8221;100%&#8221; header_2_font_size_tablet=&#8221;40px&#8221; header_2_font_size_phone=&#8221;&#8221; header_2_font_size_last_edited=&#8221;on|tablet&#8221; border_width_left=&#8221;3px&#8221; border_color_left=&#8221;#214181&#8243; global_colors_info=&#8221;{}&#8221; background_color_gradient_stops=&#8221;#2b87da 0%|#29c4a9 100%&#8221;]<\/p>\n<h2>Miss\u00e3o<\/h2>\n<p>[\/et_pb_text][\/et_pb_column][\/et_pb_row][et_pb_row admin_label=&#8221;Our Philosophy Area&#8221; _builder_version=&#8221;4.16&#8243; global_colors_info=&#8221;{}&#8221; background_color_gradient_stops=&#8221;#2b87da 0%|#29c4a9 100%&#8221;][et_pb_column type=&#8221;4_4&#8243; _builder_version=&#8221;4.16&#8243; custom_padding=&#8221;|||&#8221; global_colors_info=&#8221;{}&#8221; custom_padding__hover=&#8221;|||&#8221; background_color_gradient_stops=&#8221;#2b87da 0%|#29c4a9 100%&#8221;][et_pb_text admin_label=&#8221;Title&#8221; _builder_version=&#8221;4.16&#8243; text_font=&#8221;||||||||&#8221; text_text_color=&#8221;#000000&#8243; text_font_size=&#8221;16px&#8221; text_line_height=&#8221;2em&#8221; custom_padding=&#8221;20px||20px||true|false&#8221; animation_direction=&#8221;bottom&#8221; global_colors_info=&#8221;{}&#8221; background_color_gradient_stops=&#8221;#2b87da 0%|#29c4a9 100%&#8221;]<\/p>\n<p>Representamos empresas nacionais de diversos ramos e temos como principal miss\u00e3o dar suporte aos neg\u00f3cios dos nossos clientes, prestando atendimento jur\u00eddico com compromisso, \u00e9tica, responsabilidade e excel\u00eancia.<\/p>\n<p>Enxergamos o VSSA como uma institui\u00e7\u00e3o, a qual buscamos constantemente aprimorar, fortalecer e inovar dentro das nossas \u00e1reas de atua\u00e7\u00e3o.\u00a0 Investimos n\u00e3o s\u00f3 nas oportunidades moment\u00e2neas, como tamb\u00e9m pensamos a longo prazo. Queremos a cada dia mais ampliar a nossa qualidade t\u00e9cnica, rede de clientes e colaboradores, para que o escrit\u00f3rio seja refer\u00eancia no meio em que atuamos.<\/p>\n<p>[\/et_pb_text][\/et_pb_column][\/et_pb_row][\/et_pb_section][et_pb_section fb_built=&#8221;1&#8243; prev_background_color=&#8221;#BABAB9&#8243; admin_label=&#8221;Team Section&#8221; _builder_version=&#8221;4.16&#8243; background_color=&#8221;#102246&#8243; custom_margin=&#8221;||||false|false&#8221; custom_padding=&#8221;110px|||&#8221; top_divider_style=&#8221;arrow2&#8243; top_divider_height=&#8221;45px&#8221; bottom_divider_style=&#8221;arrow3&#8243; bottom_divider_color=&#8221;#214181&#8243; bottom_divider_height=&#8221;25px&#8221; global_colors_info=&#8221;{}&#8221; background_color_gradient_stops=&#8221;#2b87da 0%|#29c4a9 100%&#8221;][et_pb_row admin_label=&#8221;Team Area&#8221; _builder_version=&#8221;4.16&#8243; locked=&#8221;off&#8221; global_colors_info=&#8221;{}&#8221; background_color_gradient_stops=&#8221;#2b87da 0%|#29c4a9 100%&#8221;][et_pb_column type=&#8221;4_4&#8243; _builder_version=&#8221;4.16&#8243; custom_padding=&#8221;|||&#8221; global_colors_info=&#8221;{}&#8221; custom_padding__hover=&#8221;|||&#8221; background_color_gradient_stops=&#8221;#2b87da 0%|#29c4a9 100%&#8221;][et_pb_text admin_label=&#8221;Title&#8221; _builder_version=&#8221;4.16&#8243; text_font=&#8221;||||||||&#8221; header_font=&#8221;||||||||&#8221; header_2_font=&#8221;|||on|||||&#8221; header_2_text_color=&#8221;#E8E6E5&#8243; header_2_font_size=&#8221;36px&#8221; header_2_line_height=&#8221;1.6em&#8221; background_layout=&#8221;dark&#8221; custom_margin=&#8221;||10px|&#8221; custom_padding=&#8221;|||20px|false|false&#8221; animation_style=&#8221;slide&#8221; animation_direction=&#8221;right&#8221; animation_intensity_slide=&#8221;5%&#8221; animation_starting_opacity=&#8221;100%&#8221; header_2_font_size_tablet=&#8221;40px&#8221; header_2_font_size_phone=&#8221;&#8221; header_2_font_size_last_edited=&#8221;on|tablet&#8221; border_width_left=&#8221;3px&#8221; border_color_left=&#8221;#E8E6E5&#8243; global_colors_info=&#8221;{}&#8221; background_color_gradient_stops=&#8221;#2b87da 0%|#29c4a9 100%&#8221;]<\/p>\n<h2>S\u00f3cios Fundadores<\/h2>\n<p>[\/et_pb_text][\/et_pb_column][\/et_pb_row][et_pb_row column_structure=&#8221;1_3,1_3,1_3&#8243; admin_label=&#8221;Team Area&#8221; _builder_version=&#8221;4.16&#8243; custom_margin=&#8221;20px||||false|false&#8221; global_colors_info=&#8221;{}&#8221; background_color_gradient_stops=&#8221;#2b87da 0%|#29c4a9 100%&#8221;][et_pb_column type=&#8221;1_3&#8243; _builder_version=&#8221;4.16&#8243; custom_padding=&#8221;|||&#8221; global_colors_info=&#8221;{}&#8221; custom_padding__hover=&#8221;|||&#8221; background_color_gradient_stops=&#8221;#2b87da 0%|#29c4a9 100%&#8221;][et_pb_team_member name=&#8221;Amanda Vilarino Espindola&#8221; position=&#8221;OAB\/MG 106.751&#8243; image_url=&#8221;https:\/\/vssa.adv.br\/site\/wp-content\/uploads\/2022\/09\/foto-amanda.jpg&#8221; facebook_url=&#8221;#&#8221; twitter_url=&#8221;#&#8221; linkedin_url=&#8221;#&#8221; icon_color=&#8221;#BABAB9&#8243; _builder_version=&#8221;4.16&#8243; header_font=&#8221;|||on|||||&#8221; header_text_color=&#8221;#F1E2CF&#8221; header_line_height=&#8221;1.5em&#8221; body_font=&#8221;||||||||&#8221; body_text_color=&#8221;#babab9&#8243; position_text_color=&#8221;#ffffff&#8221; animation_style=&#8221;fade&#8221; border_width_all_image=&#8221;5px&#8221; border_color_all_image=&#8221;#FFFFFF&#8221; box_shadow_style_image=&#8221;preset5&#8243; box_shadow_vertical_image=&#8221;0px&#8221; box_shadow_spread_image=&#8221;2px&#8221; box_shadow_color_image=&#8221;#008DAC&#8221; global_colors_info=&#8221;{}&#8221; background_color_gradient_stops=&#8221;#2b87da 0%|#29c4a9 100%&#8221;]<\/p>\n<p>Graduada pela Faculdade de Direito Milton Campos (2006). Mestre na \u00c1rea de Concentra\u00e7\u00e3o de Direito Empresarial pela Faculdade de Direito Milton Campos (2010). MBA em Direito e Processo do Trabalho pela Funda\u00e7\u00e3o Getulio Vargas.<\/p>\n<p><strong>amanda.vilarino@vssa.adv.br<\/strong><\/p>\n<p>[\/et_pb_team_member][\/et_pb_column][et_pb_column type=&#8221;1_3&#8243; _builder_version=&#8221;4.16&#8243; custom_padding=&#8221;|||&#8221; global_colors_info=&#8221;{}&#8221; custom_padding__hover=&#8221;|||&#8221; background_color_gradient_stops=&#8221;#2b87da 0%|#29c4a9 100%&#8221;][et_pb_team_member name=&#8221;Grazielle Braz Vieira Santos&#8221; position=&#8221;OAB\/MG 93.114&#8243; image_url=&#8221;https:\/\/vssa.adv.br\/site\/wp-content\/uploads\/2022\/09\/foto-grazielle.jpg&#8221; facebook_url=&#8221;#&#8221; twitter_url=&#8221;#&#8221; linkedin_url=&#8221;#&#8221; icon_color=&#8221;#BABAB9&#8243; _builder_version=&#8221;4.16&#8243; header_font=&#8221;|||on|||||&#8221; header_text_color=&#8221;#F1E2CF&#8221; header_line_height=&#8221;1.5em&#8221; body_font=&#8221;||||||||&#8221; body_text_color=&#8221;#babab9&#8243; position_text_color=&#8221;#ffffff&#8221; animation_style=&#8221;fade&#8221; border_width_all_image=&#8221;5px&#8221; border_color_all_image=&#8221;#FFFFFF&#8221; box_shadow_style_image=&#8221;preset5&#8243; box_shadow_vertical_image=&#8221;0px&#8221; box_shadow_spread_image=&#8221;2px&#8221; box_shadow_color_image=&#8221;#008DAC&#8221; locked=&#8221;off&#8221; global_colors_info=&#8221;{}&#8221; background_color_gradient_stops=&#8221;#2b87da 0%|#29c4a9 100%&#8221;]<\/p>\n<p>Graduada pela Faculdade de Direito Milton Campos (2002). P\u00f3s-Gradua\u00e7\u00e3o em Direito P\u00fablico pela Universidade C\u00e2ndido Mendes\/RJ.<\/p>\n<p><strong>grazielle.santos@vssa.adv.br<\/strong><\/p>\n<p>[\/et_pb_team_member][\/et_pb_column][et_pb_column type=&#8221;1_3&#8243; _builder_version=&#8221;4.16&#8243; custom_padding=&#8221;|||&#8221; global_colors_info=&#8221;{}&#8221; custom_padding__hover=&#8221;|||&#8221; background_color_gradient_stops=&#8221;#2b87da 0%|#29c4a9 100%&#8221;][et_pb_team_member name=&#8221;Al\u00e9cio Martins Sena&#8221; position=&#8221;OAB\/MG 87.097&#8243; image_url=&#8221;https:\/\/vssa.adv.br\/site\/wp-content\/uploads\/2022\/09\/foto-alecio.jpg&#8221; facebook_url=&#8221;#&#8221; twitter_url=&#8221;#&#8221; linkedin_url=&#8221;#&#8221; icon_color=&#8221;#BABAB9&#8243; _builder_version=&#8221;4.16&#8243; header_font=&#8221;|||on|||||&#8221; header_text_color=&#8221;#F1E2CF&#8221; header_line_height=&#8221;1.5em&#8221; body_font=&#8221;||||||||&#8221; body_text_color=&#8221;#babab9&#8243; position_text_color=&#8221;#ffffff&#8221; animation_style=&#8221;fade&#8221; border_width_all_image=&#8221;5px&#8221; border_color_all_image=&#8221;#FFFFFF&#8221; box_shadow_style_image=&#8221;preset5&#8243; box_shadow_vertical_image=&#8221;0px&#8221; box_shadow_spread_image=&#8221;2px&#8221; box_shadow_color_image=&#8221;#008DAC&#8221; locked=&#8221;off&#8221; global_colors_info=&#8221;{}&#8221; background_color_gradient_stops=&#8221;#2b87da 0%|#29c4a9 100%&#8221;]<\/p>\n<p>Graduado pela Universidade Federal de Minas Gerais (2002).<\/p>\n<p><strong>alecio.sena@vssa.adv.br<\/strong><\/p>\n<p>[\/et_pb_team_member][\/et_pb_column][\/et_pb_row][\/et_pb_section]<\/p>\n","protected":false},"excerpt":{"rendered":"<p>Quem SomosO escrit\u00f3rio VILARINO SANTOS SENA ADVOGADOS nasceu em Janeiro de 2013 com o objetivo de harmonizar duas qualidades distintas da advocacia empresarial contempor\u00e2nea, quais sejam, a pessoalidade do atendimento ao cliente e a tecnologia e organiza\u00e7\u00e3o das grandes corpora\u00e7\u00f5es. Com atendimento personalizado, disponibilizamos aos nossos clientes uma equipe de profissionais nas diversas \u00e1reas do [&hellip;]<\/p>\n","protected":false},"author":1,"featured_media":0,"parent":0,"menu_order":0,"comment_status":"closed","ping_status":"closed","template":"","meta":{"_et_pb_use_builder":"on","_et_pb_old_content":"","_et_gb_content_width":""},"_links":{"self":[{"href":"https:\/\/vssa.adv.br\/site\/wp-json\/wp\/v2\/pages\/49"}],"collection":[{"href":"https:\/\/vssa.adv.br\/site\/wp-json\/wp\/v2\/pages"}],"about":[{"href":"https:\/\/vssa.adv.br\/site\/wp-json\/wp\/v2\/types\/page"}],"author":[{"embeddable":true,"href":"https:\/\/vssa.adv.br\/site\/wp-json\/wp\/v2\/users\/1"}],"replies":[{"embeddable":true,"href":"https:\/\/vssa.adv.br\/site\/wp-json\/wp\/v2\/comments?post=49"}],"version-history":[{"count":50,"href":"https:\/\/vssa.adv.br\/site\/wp-json\/wp\/v2\/pages\/49\/revisions"}],"predecessor-version":[{"id":452,"href":"https:\/\/vssa.adv.br\/site\/wp-json\/wp\/v2\/pages\/49\/revisions\/452"}],"wp:attachment":[{"href":"https:\/\/vssa.adv.br\/site\/wp-json\/wp\/v2\/media?parent=49"}],"curies":[{"name":"wp","href":"https:\/\/api.w.org\/{rel}","templated":true}]}}